{"id":2219,"date":"2022-01-25T09:45:21","date_gmt":"2022-01-25T08:45:21","guid":{"rendered":"http:\/\/www.caivoghera.it\/wordpress\/?page_id=2219"},"modified":"2026-01-10T09:40:28","modified_gmt":"2026-01-10T08:40:28","slug":"manutenzione-sentieri","status":"publish","type":"page","link":"https:\/\/www.caivoghera.it\/wordpress\/index.php\/manutenzione-sentieri\/","title":{"rendered":"Manutenzione Sentieri"},"content":{"rendered":"<p><img decoding=\"async\" loading=\"lazy\" class=\"aligncenter wp-image-2220 size-large\" src=\"http:\/\/www.caivoghera.it\/wordpress\/wp-content\/uploads\/2022\/01\/manutenzione_sentieri-700x444.jpg\" alt=\"\" width=\"700\" height=\"444\" srcset=\"https:\/\/www.caivoghera.it\/wordpress\/wp-content\/uploads\/2022\/01\/manutenzione_sentieri-700x444.jpg 700w, https:\/\/www.caivoghera.it\/wordpress\/wp-content\/uploads\/2022\/01\/manutenzione_sentieri-250x159.jpg 250w, https:\/\/www.caivoghera.it\/wordpress\/wp-content\/uploads\/2022\/01\/manutenzione_sentieri-768x487.jpg 768w, https:\/\/www.caivoghera.it\/wordpress\/wp-content\/uploads\/2022\/01\/manutenzione_sentieri-120x76.jpg 120w, https:\/\/www.caivoghera.it\/wordpress\/wp-content\/uploads\/2022\/01\/manutenzione_sentieri.jpg 1280w\" sizes=\"(max-width: 700px) 100vw, 700px\" \/><\/p>\n<p>Nel corso del 2021 \u00e8 stata siglata la convenzione tra la Comunit\u00e0 Montana dell&#8217;Oltrepo Pavese e il Club Alpino Italiano \u2013 Sezione di Voghera per la pianificazione, rilievo, manutenzione ordinaria e monitoraggio dei sentieri della rete escursionistica della Comunit\u00e0 Montana dell\u2019Oltrep\u00f2 Pavese nel triennio 2021-2023.<\/p>\n<p>Lo scopo \u00e8 quello di valorizzare la rete sentieristica dell&#8217;Oltrep\u00f2 Pavese per le sue caratteristiche ambientali e culturali anche attraverso attivit\u00e0 escursionistiche mirate.<\/p>\n<p>E&#8217; necessario pertanto assicurare la fruibilit\u00e0 in sicurezza della rete sentieristica e per questo \u00e8 stato avviato il monitoraggio dei sentieri con conseguente attivit\u00e0 di manutenzione della segnaletica.<\/p>\n<p>Oltre alla manutenzione, si proceder\u00e0 anche allo studio, pianificazione, riordino e rilievo per giungere infine all&#8217;aggiornamento del catasto sentieri locale da fornire alla Regione Lombardia come da Legge Regionale del 27 febbraio 2017 n.5.<\/p>\n<p>Vista l&#8217;estensione, pari a circa 700 Km, si tratta di un impegno considerevole per i volontari del Gruppo Manutenzione Sentieri Oltrepo attualmente composto da una decina di soci che prestano la loro opera nel tempo libero.<\/p>\n<p>Per questo, chi fosse interessato a collaborare con noi mettendo al servizio della comunit\u00e0 locale le proprie competenze sia tecnico\/informatiche sia a livello di attivit\u00e0 manuali, pu\u00f2 contattarci all&#8217;indirizzo sentierioltrepo@gmail.com<\/p>\n<hr \/>\n<h2><span style=\"color: #000080;\">Documenti<\/span><\/h2>\n<p><a href=\"http:\/\/www.caivoghera.it\/wordpress\/wp-content\/uploads\/2022\/01\/All.-A_Convenzione_CAI_27042021_definitivo.pdf\" target=\"_blank\" rel=\"noopener\">CONVENZIONE FRA LA COMUNIT\u00c0 MONTANA DELL\u2019OLTREP\u00d2 PAVESE E IL CLUB ALPINO ITALIANO- SEZIONE DI VOGHERA<\/a><\/p>\n<p><a href=\"http:\/\/www.caivoghera.it\/wordpress\/wp-content\/uploads\/2022\/01\/Relazione-attivita-svolta-2021.pdf\" target=\"_blank\" rel=\"noopener\">Relazione attivit\u00e0 2021<\/a><\/p>\n<p><a href=\"https:\/\/www.caivoghera.it\/wordpress\/wp-content\/uploads\/2023\/01\/RELAZIONE-SOP-2022.pdf\" target=\"_blank\" rel=\"noopener\">Relazione attivit\u00e0 2022<\/a><\/p>\n<p><a href=\"https:\/\/www.caivoghera.it\/wordpress\/wp-content\/uploads\/2023\/11\/Relazione-attivita-manutenzione-sentieri-Anno-2023.pdf\">Relazione attivit\u00e0 2023<\/a><\/p>\n<p><a href=\"https:\/\/www.caivoghera.it\/wordpress\/wp-content\/uploads\/2026\/01\/RELAZIONE-ATTIVITA-SVOLTA-ANNO-2024.pdf\">RELAZIONE ATTIVITA&#8217; SVOLTA &#8211; ANNO 2024<\/a><\/p>\n<p><a href=\"https:\/\/www.caivoghera.it\/wordpress\/wp-content\/uploads\/2026\/01\/RELAZIONE-ATTIVITA-SVOLTA-ANNO-2025.pdf\">RELAZIONE ATTIVITA&#8217; SVOLTA &#8211; ANNO 2025<\/a><\/p>\n<hr \/>\n<h2><span style=\"color: #000080;\">Alcune immagini dell&#8217;attivit\u00e0<\/span><\/h2>\n<p><a href=\"https:\/\/www.caivoghera.it\/wordpress\/wp-content\/uploads\/2022\/01\/sentieri1.jpg\"><img decoding=\"async\" loading=\"lazy\" class=\"alignnone wp-image-2223 size-thumbnail\" src=\"https:\/\/www.caivoghera.it\/wordpress\/wp-content\/uploads\/2022\/01\/sentieri1-150x150.jpg\" alt=\"\" width=\"150\" height=\"150\" \/><\/a> <a href=\"https:\/\/www.caivoghera.it\/wordpress\/wp-content\/uploads\/2022\/01\/sentieri2.jpg\"><img decoding=\"async\" loading=\"lazy\" class=\"alignnone wp-image-2224 size-thumbnail\" src=\"https:\/\/www.caivoghera.it\/wordpress\/wp-content\/uploads\/2022\/01\/sentieri2-150x150.jpg\" alt=\"\" width=\"150\" height=\"150\" \/><\/a><\/p>\n<h4><a href=\"https:\/\/www.caivoghera.it\/wordpress\/index.php\/2022\/09\/07\/volontari-del-cai-di-voghera-pavia-uno-tv-di-remo-tagliani\/\">Intervista Pavia uno TV di Remo Tagliani<\/a><\/h4>\n<p><a href=\"https:\/\/www.caivoghera.it\/wordpress\/wp-content\/uploads\/2026\/01\/20250328_160558.jpg\"><img decoding=\"async\" loading=\"lazy\" class=\"alignnone wp-image-5288 size-thumbnail\" src=\"https:\/\/www.caivoghera.it\/wordpress\/wp-content\/uploads\/2026\/01\/20250328_160558-150x150.jpg\" alt=\"\" width=\"150\" height=\"150\" \/><\/a> <a href=\"https:\/\/www.caivoghera.it\/wordpress\/wp-content\/uploads\/2026\/01\/20250410_162756-scaled.jpg\"><img decoding=\"async\" loading=\"lazy\" class=\"alignnone wp-image-5289 size-thumbnail\" src=\"https:\/\/www.caivoghera.it\/wordpress\/wp-content\/uploads\/2026\/01\/20250410_162756-150x150.jpg\" alt=\"\" width=\"150\" height=\"150\" \/><\/a> <a href=\"https:\/\/www.caivoghera.it\/wordpress\/wp-content\/uploads\/2026\/01\/Foto-12-6-25.jpg\"><img decoding=\"async\" loading=\"lazy\" class=\"alignnone wp-image-5290 size-thumbnail\" src=\"https:\/\/www.caivoghera.it\/wordpress\/wp-content\/uploads\/2026\/01\/Foto-12-6-25-150x150.jpg\" alt=\"\" width=\"150\" height=\"150\" \/><\/a> <a href=\"https:\/\/www.caivoghera.it\/wordpress\/wp-content\/uploads\/2026\/01\/Foto-da-Rita-Negri.jpg\"><img decoding=\"async\" loading=\"lazy\" class=\"alignnone wp-image-5291 size-thumbnail\" src=\"https:\/\/www.caivoghera.it\/wordpress\/wp-content\/uploads\/2026\/01\/Foto-da-Rita-Negri-150x150.jpg\" alt=\"\" width=\"150\" height=\"150\" \/><\/a> <a href=\"https:\/\/www.caivoghera.it\/wordpress\/wp-content\/uploads\/2026\/01\/IMG-20241022-WA0004.jpg\"><img decoding=\"async\" loading=\"lazy\" class=\"alignnone wp-image-5292 size-thumbnail\" src=\"https:\/\/www.caivoghera.it\/wordpress\/wp-content\/uploads\/2026\/01\/IMG-20241022-WA0004-150x150.jpg\" alt=\"\" width=\"150\" height=\"150\" \/><\/a> <a href=\"https:\/\/www.caivoghera.it\/wordpress\/wp-content\/uploads\/2026\/01\/IMG-20250913-WA0025.jpg\"><img decoding=\"async\" loading=\"lazy\" class=\"alignnone wp-image-5293 size-thumbnail\" src=\"https:\/\/www.caivoghera.it\/wordpress\/wp-content\/uploads\/2026\/01\/IMG-20250913-WA0025-150x150.jpg\" alt=\"\" width=\"150\" height=\"150\" \/><\/a> <a href=\"https:\/\/www.caivoghera.it\/wordpress\/wp-content\/uploads\/2026\/01\/IMG-20250913-WA0030.jpg\"><img decoding=\"async\" loading=\"lazy\" class=\"alignnone wp-image-5294 size-thumbnail\" src=\"https:\/\/www.caivoghera.it\/wordpress\/wp-content\/uploads\/2026\/01\/IMG-20250913-WA0030-150x150.jpg\" alt=\"\" width=\"150\" height=\"150\" \/><\/a> <a href=\"https:\/\/www.caivoghera.it\/wordpress\/wp-content\/uploads\/2026\/01\/IMG_20230429_141716.jpg\"><img decoding=\"async\" loading=\"lazy\" class=\"alignnone wp-image-5295 size-thumbnail\" src=\"https:\/\/www.caivoghera.it\/wordpress\/wp-content\/uploads\/2026\/01\/IMG_20230429_141716-150x150.jpg\" alt=\"\" width=\"150\" height=\"150\" \/><\/a> <a href=\"https:\/\/www.caivoghera.it\/wordpress\/wp-content\/uploads\/2026\/01\/SENTIERI-20-09-2025-scaled.jpg\"><img decoding=\"async\" loading=\"lazy\" class=\"alignnone wp-image-5297 size-thumbnail\" src=\"https:\/\/www.caivoghera.it\/wordpress\/wp-content\/uploads\/2026\/01\/SENTIERI-20-09-2025-150x150.jpg\" alt=\"\" width=\"150\" height=\"150\" \/><\/a> <a href=\"https:\/\/www.caivoghera.it\/wordpress\/wp-content\/uploads\/2026\/01\/SENTIERI-SCOUT-10-04-2025.jpg\"><img decoding=\"async\" loading=\"lazy\" class=\"alignnone wp-image-5298 size-thumbnail\" src=\"https:\/\/www.caivoghera.it\/wordpress\/wp-content\/uploads\/2026\/01\/SENTIERI-SCOUT-10-04-2025-150x150.jpg\" alt=\"\" width=\"150\" height=\"150\" \/><\/a> <a href=\"https:\/\/www.caivoghera.it\/wordpress\/wp-content\/uploads\/2026\/01\/SOP8.jpg\"><img decoding=\"async\" loading=\"lazy\" class=\"alignnone wp-image-5299 size-thumbnail\" src=\"https:\/\/www.caivoghera.it\/wordpress\/wp-content\/uploads\/2026\/01\/SOP8-150x150.jpg\" alt=\"\" width=\"150\" height=\"150\" \/><\/a> <a href=\"https:\/\/www.caivoghera.it\/wordpress\/wp-content\/uploads\/2026\/01\/SENTIERI-11-07-2025.jpg\"><img decoding=\"async\" loading=\"lazy\" class=\"alignleft wp-image-5296 size-thumbnail\" src=\"https:\/\/www.caivoghera.it\/wordpress\/wp-content\/uploads\/2026\/01\/SENTIERI-11-07-2025-150x150.jpg\" alt=\"\" width=\"150\" height=\"150\" \/><\/a><a href=\"https:\/\/www.caivoghera.it\/wordpress\/wp-content\/uploads\/2026\/01\/SOP-in-Fiera-1-scaled.jpg\"><img decoding=\"async\" loading=\"lazy\" class=\"alignnone wp-image-5300 size-thumbnail\" src=\"https:\/\/www.caivoghera.it\/wordpress\/wp-content\/uploads\/2026\/01\/SOP-in-Fiera-1-150x150.jpg\" alt=\"\" width=\"150\" height=\"150\" \/><\/a><\/p>\n","protected":false},"excerpt":{"rendered":"Nel corso del 2021 \u00e8 stata siglata la convenzione tra la Comunit\u00e0 Montana dell&#8217;Oltrepo Pavese e il Club Alpino Italiano \u2013 Sezione di Voghera per la pianificazione, rilievo, manutenzione ordinaria e monitoraggio dei sentieri della rete escursionistica della Comunit\u00e0 Montana dell\u2019Oltrep\u00f2 Pavese nel triennio 2021-2023. Lo scopo \u00e8 quello di valorizzare la rete sentieristica dell&#8217;Oltrep\u00f2&#8230; <a class=\"view-article\" href=\"https:\/\/www.caivoghera.it\/wordpress\/index.php\/manutenzione-sentieri\/\">Mostra articolo<\/a>","protected":false},"author":1,"featured_media":0,"parent":0,"menu_order":0,"comment_status":"closed","ping_status":"closed","template":"template_nosidebar.php","meta":{"footnotes":""},"_links":{"self":[{"href":"https:\/\/www.caivoghera.it\/wordpress\/index.php\/wp-json\/wp\/v2\/pages\/2219"}],"collection":[{"href":"https:\/\/www.caivoghera.it\/wordpress\/index.php\/wp-json\/wp\/v2\/pages"}],"about":[{"href":"https:\/\/www.caivoghera.it\/wordpress\/index.php\/wp-json\/wp\/v2\/types\/page"}],"author":[{"embeddable":true,"href":"https:\/\/www.caivoghera.it\/wordpress\/index.php\/wp-json\/wp\/v2\/users\/1"}],"replies":[{"embeddable":true,"href":"https:\/\/www.caivoghera.it\/wordpress\/index.php\/wp-json\/wp\/v2\/comments?post=2219"}],"version-history":[{"count":8,"href":"https:\/\/www.caivoghera.it\/wordpress\/index.php\/wp-json\/wp\/v2\/pages\/2219\/revisions"}],"predecessor-version":[{"id":5302,"href":"https:\/\/www.caivoghera.it\/wordpress\/index.php\/wp-json\/wp\/v2\/pages\/2219\/revisions\/5302"}],"wp:attachment":[{"href":"https:\/\/www.caivoghera.it\/wordpress\/index.php\/wp-json\/wp\/v2\/media?parent=2219"}],"curies":[{"name":"wp","href":"https:\/\/api.w.org\/{rel}","templated":true}]}}