{"id":5131,"date":"2025-06-20T11:08:38","date_gmt":"2025-06-20T09:08:38","guid":{"rendered":"https:\/\/www.caivoghera.it\/wordpress\/?page_id=5131"},"modified":"2025-06-20T11:15:35","modified_gmt":"2025-06-20T09:15:35","slug":"azzecca-la-prevenzione-e-vivi-la-natura","status":"publish","type":"page","link":"https:\/\/www.caivoghera.it\/wordpress\/index.php\/azzecca-la-prevenzione-e-vivi-la-natura\/","title":{"rendered":"AZZECCA LA PREVENZIONE E VIVI LA NATURA!"},"content":{"rendered":"<h2 style=\"text-align: center;\"><a href=\"https:\/\/www.caivoghera.it\/wordpress\/wp-content\/uploads\/2025\/06\/Prevenzione-zecche.jpg\"><img decoding=\"async\" loading=\"lazy\" width=\"1064\" height=\"736\" class=\"aligncenter size-full wp-image-5136\" src=\"https:\/\/www.caivoghera.it\/wordpress\/wp-content\/uploads\/2025\/06\/Prevenzione-zecche.jpg\" alt=\"\" srcset=\"https:\/\/www.caivoghera.it\/wordpress\/wp-content\/uploads\/2025\/06\/Prevenzione-zecche.jpg 1064w, https:\/\/www.caivoghera.it\/wordpress\/wp-content\/uploads\/2025\/06\/Prevenzione-zecche-250x173.jpg 250w, https:\/\/www.caivoghera.it\/wordpress\/wp-content\/uploads\/2025\/06\/Prevenzione-zecche-700x484.jpg 700w, https:\/\/www.caivoghera.it\/wordpress\/wp-content\/uploads\/2025\/06\/Prevenzione-zecche-768x531.jpg 768w, https:\/\/www.caivoghera.it\/wordpress\/wp-content\/uploads\/2025\/06\/Prevenzione-zecche-120x83.jpg 120w\" sizes=\"(max-width: 1064px) 100vw, 1064px\" \/><\/a><span style=\"color: #008000;\">Campagna informativa per la prevenzione delle malattie infettive trasmesse da zecche.<\/span><\/h2>\n<p><span style=\"color: #008000;\">IDENTIKIT DI UNA ZECCA<\/span><br \/>\nLe zecche sono parassiti di piccole dimensioni e di colore scuro che si nutrono di sangue Vivono in ambienti naturali, in particolare quelli caratterizzati da microclima fresco e umido (boschi, sentieri, prati e campi incolti, parchi e giardini)<br \/>\nPi\u00f9 attive dalla primavera all\u2019autunno, ma con inverni miti, la loro attivit\u00e0 si pu\u00f2 protrarre Infestano principalmente gli animali selvatici, ma potenzialmente anche animali domestici e uomo Non volano, ma appostate all\u2019estremit\u00e0 delle piante aspettano il passaggio dell\u2019animale o dell\u2019uomo Generalmente rimangono attaccate all\u2019ospite per un periodo che varia tra 2 e 7 giorni per poi lasciarsi cadere spontaneamente<br \/>\nIl morso non causa n\u00e9 dolore n\u00e9 prurito, ma pu\u00f2 essere pericoloso per l\u2019uomo sia per le reazioni allergiche, che per il rischio di trasmettere malattie infettive.<\/p>\n<p><a href=\"https:\/\/www.caivoghera.it\/wordpress\/wp-content\/uploads\/2025\/06\/zecca1.jpg\"><img decoding=\"async\" loading=\"lazy\" width=\"1084\" height=\"1448\" class=\"aligncenter size-full wp-image-5133\" src=\"https:\/\/www.caivoghera.it\/wordpress\/wp-content\/uploads\/2025\/06\/zecca1.jpg\" alt=\"\" srcset=\"https:\/\/www.caivoghera.it\/wordpress\/wp-content\/uploads\/2025\/06\/zecca1.jpg 1084w, https:\/\/www.caivoghera.it\/wordpress\/wp-content\/uploads\/2025\/06\/zecca1-250x334.jpg 250w, https:\/\/www.caivoghera.it\/wordpress\/wp-content\/uploads\/2025\/06\/zecca1-700x935.jpg 700w, https:\/\/www.caivoghera.it\/wordpress\/wp-content\/uploads\/2025\/06\/zecca1-768x1026.jpg 768w, https:\/\/www.caivoghera.it\/wordpress\/wp-content\/uploads\/2025\/06\/zecca1-120x160.jpg 120w\" sizes=\"(max-width: 1084px) 100vw, 1084px\" \/><\/a><a href=\"https:\/\/www.caivoghera.it\/wordpress\/wp-content\/uploads\/2025\/06\/zecca2.jpg\"><img decoding=\"async\" loading=\"lazy\" width=\"1104\" height=\"1012\" class=\"aligncenter size-full wp-image-5134\" src=\"https:\/\/www.caivoghera.it\/wordpress\/wp-content\/uploads\/2025\/06\/zecca2.jpg\" alt=\"\" srcset=\"https:\/\/www.caivoghera.it\/wordpress\/wp-content\/uploads\/2025\/06\/zecca2.jpg 1104w, https:\/\/www.caivoghera.it\/wordpress\/wp-content\/uploads\/2025\/06\/zecca2-250x229.jpg 250w, https:\/\/www.caivoghera.it\/wordpress\/wp-content\/uploads\/2025\/06\/zecca2-700x642.jpg 700w, https:\/\/www.caivoghera.it\/wordpress\/wp-content\/uploads\/2025\/06\/zecca2-768x704.jpg 768w, https:\/\/www.caivoghera.it\/wordpress\/wp-content\/uploads\/2025\/06\/zecca2-120x110.jpg 120w\" sizes=\"(max-width: 1104px) 100vw, 1104px\" \/><\/a><\/p>\n<p><span style=\"color: #008000;\">MALATTIE TRASMESSE ALL\u2019UOMO<\/span><br \/>\nIn Italia le principali malattie trasmesse da zecche sono: Encefalite da zecche, Malattia di Lyme e Rickettsiosi.<br \/>\nMeno frequenti Febbre Q e Tularemia.<\/p>\n<p><span style=\"color: #ff0000;\">Encefalite da zecche:<\/span> malattia virale che colpisce il sistema nervoso, esordisce con febbre e disturbi simili influenzali. Nel 20-30% dei casi ha un decorso molto serio e possibili conseguenze permanenti e invalidanti. Si pu\u00f2 prevenire con la vaccinazione. Attualmente, il rischio di infezione non \u00e8 presente nel territorio di ATS Pavia.<\/p>\n<p><span style=\"color: #ff0000;\">Malattia di Lyme:<\/span> infezione batterica con un\u2019incubazione di 3-32 giorni, con chiazze rossastre sulla pelle, febbre, malessere, mal di testa, dolori alle articolazioni e ai muscoli, dopo settimane o mesi pu\u00f2 causare disturbi pi\u00f9 gravi alle articolazioni (artriti), al cuore e al sistema nervoso (meningiti). La diagnosi precoce \u00e8 importante: la terapia \u00e8 antibiotica, ed \u00e8 pi\u00f9 efficace nei primi stadi. Non esiste un vaccino.<\/p>\n<h4><span style=\"color: #008000;\">Le analisi saranno eseguite e refertate dall\u2019Istituto Zooprofilattico Sperimentale &#8211; IZSLER sede di Pavia L\u2019esito dell\u2019esame sar\u00e0 comunicato telefonicamente da Operatori sanitari del Dipartimento di Igiene e <\/span><span style=\"color: #008000;\">Prevenzione Sanitaria di ATS Pavia<\/span><\/h4>\n<h2><a href=\"https:\/\/www.caivoghera.it\/wordpress\/wp-content\/uploads\/2025\/06\/scheda-rilevamento-zecca.pdf\"><span style=\"color: #ff0000;\">scheda rilevamento zecca<\/span><\/a><\/h2>\n<h4>Telefona ai Servizi Veterinari di ATS Pavia per concordare data e orario di consegna del barattolo e della scheda, compilabile sul retro<\/h4>\n<p><a href=\"https:\/\/www.caivoghera.it\/wordpress\/wp-content\/uploads\/2025\/06\/zecca3.jpg\"><img decoding=\"async\" loading=\"lazy\" width=\"1032\" height=\"1332\" class=\"aligncenter size-full wp-image-5135\" src=\"https:\/\/www.caivoghera.it\/wordpress\/wp-content\/uploads\/2025\/06\/zecca3.jpg\" alt=\"\" srcset=\"https:\/\/www.caivoghera.it\/wordpress\/wp-content\/uploads\/2025\/06\/zecca3.jpg 1032w, https:\/\/www.caivoghera.it\/wordpress\/wp-content\/uploads\/2025\/06\/zecca3-250x323.jpg 250w, https:\/\/www.caivoghera.it\/wordpress\/wp-content\/uploads\/2025\/06\/zecca3-700x903.jpg 700w, https:\/\/www.caivoghera.it\/wordpress\/wp-content\/uploads\/2025\/06\/zecca3-768x991.jpg 768w, https:\/\/www.caivoghera.it\/wordpress\/wp-content\/uploads\/2025\/06\/zecca3-120x155.jpg 120w\" sizes=\"(max-width: 1032px) 100vw, 1032px\" \/><\/a><\/p>\n","protected":false},"excerpt":{"rendered":"Campagna informativa per la prevenzione delle malattie infettive trasmesse da zecche. IDENTIKIT DI UNA ZECCA Le zecche sono parassiti di piccole dimensioni e di colore scuro che si nutrono di sangue Vivono in ambienti naturali, in particolare quelli caratterizzati da microclima fresco e umido (boschi, sentieri, prati e campi incolti, parchi e giardini) Pi\u00f9 attive&#8230; <a class=\"view-article\" href=\"https:\/\/www.caivoghera.it\/wordpress\/index.php\/azzecca-la-prevenzione-e-vivi-la-natura\/\">Mostra articolo<\/a>","protected":false},"author":1,"featured_media":0,"parent":0,"menu_order":0,"comment_status":"closed","ping_status":"closed","template":"template_nosidebar.php","meta":{"footnotes":""},"_links":{"self":[{"href":"https:\/\/www.caivoghera.it\/wordpress\/index.php\/wp-json\/wp\/v2\/pages\/5131"}],"collection":[{"href":"https:\/\/www.caivoghera.it\/wordpress\/index.php\/wp-json\/wp\/v2\/pages"}],"about":[{"href":"https:\/\/www.caivoghera.it\/wordpress\/index.php\/wp-json\/wp\/v2\/types\/page"}],"author":[{"embeddable":true,"href":"https:\/\/www.caivoghera.it\/wordpress\/index.php\/wp-json\/wp\/v2\/users\/1"}],"replies":[{"embeddable":true,"href":"https:\/\/www.caivoghera.it\/wordpress\/index.php\/wp-json\/wp\/v2\/comments?post=5131"}],"version-history":[{"count":1,"href":"https:\/\/www.caivoghera.it\/wordpress\/index.php\/wp-json\/wp\/v2\/pages\/5131\/revisions"}],"predecessor-version":[{"id":5137,"href":"https:\/\/www.caivoghera.it\/wordpress\/index.php\/wp-json\/wp\/v2\/pages\/5131\/revisions\/5137"}],"wp:attachment":[{"href":"https:\/\/www.caivoghera.it\/wordpress\/index.php\/wp-json\/wp\/v2\/media?parent=5131"}],"curies":[{"name":"wp","href":"https:\/\/api.w.org\/{rel}","templated":true}]}}