{"id":664,"date":"2020-02-02T16:19:12","date_gmt":"2020-02-02T15:19:12","guid":{"rendered":"http:\/\/www.caivoghera.it\/wordpress\/?page_id=664"},"modified":"2026-01-10T09:19:44","modified_gmt":"2026-01-10T08:19:44","slug":"iscrizione","status":"publish","type":"page","link":"https:\/\/www.caivoghera.it\/wordpress\/index.php\/chi-siamo\/iscrizione\/","title":{"rendered":"Iscrizione"},"content":{"rendered":"\r\n<figure class=\"wp-block-image size-large\"><img decoding=\"async\" loading=\"lazy\" width=\"200\" height=\"285\" class=\"wp-image-680\" src=\"http:\/\/www.caivoghera.it\/wordpress\/wp-content\/uploads\/2020\/02\/tessera.jpg\" alt=\"\" srcset=\"https:\/\/www.caivoghera.it\/wordpress\/wp-content\/uploads\/2020\/02\/tessera.jpg 200w, https:\/\/www.caivoghera.it\/wordpress\/wp-content\/uploads\/2020\/02\/tessera-120x171.jpg 120w\" sizes=\"(max-width: 200px) 100vw, 200px\" \/><\/figure>\r\n\r\n\r\n\r\n<p><strong>DIVENTA SOCIO C.A.I.<\/strong><br \/>Il socio C.A.I. gode dei seguenti vantaggi: <br \/>Ha diritto di partecipare alle attivit\u00e0 organizzate da qualunque Sezione C.A.I. <br \/>Ha diritto a sconti per i pernottamenti nei Rifugi C.A.I. ed in quelli delle Associazioni Alpinistiche di 11 Stati europei a condizioni di reciprocit\u00e0 (ad es. CAS, CAF, e DOAV) <br \/>Pu\u00f2 noleggiare le attrezzature alpinistiche della sezione <br \/>Ha diritto di partecipare ai corsi organizzati dalle Scuole di Alpinismo e Scialpinismo <br \/>Ha la possibilit\u00e0 di frequentare Corsi per diventare Accompagnatore di Escursionismo, Operatore Naturalistico e Istruttore nelle Scuole di Alpinismo del C.A.I. <br \/>Ha diritto a sconti per l&#8217;acquisto di libri, manuali e altri prodotti editoriali del C.A.I. <br \/>Pu\u00f2 usufruire della Biblioteca della Sezione <br \/>Riceve gratuitamente a domicilio bimestralmente \u201cLa Rivista del Club Alpino Italiano\u201d<br \/>Inoltre l&#8217;iscrizione al sodalizio garantisce automaticamente la copertura assicurativa per gli infortuni e la responsabilit\u00e0 civile verso terzi in attivit\u00e0 istituzionale e per le spese inerenti il Soccorso Alpino su tutto il continente europeo; \u00e8 prevista la possibilit\u00e0 di estendere la copertura assicurativa contro i rischi derivanti da infortuni e da responsabilit\u00e0 civile anche ai fatti occorsi durante l&#8217;attivit\u00e0 personale. <br \/>Per maggiori dettagli, massimali e costi consulta la pagina del C.A.I. centrale: <a href=\"https:\/\/www.cai.it\/associazione-3\/assicurazione\/\" target=\"_blank\" rel=\"noreferrer noopener\"><strong>coperture assicurative<\/strong><\/a><\/p>\r\n\r\n\r\n\r\n<p>&nbsp;<\/p>\r\n<h2 class=\"wp-block-heading\">QUOTE SOCIALI 2026<\/h2>\r\n\r\n\r\n\r\n<p>= Ammissione nuovi Soci Euro 5,00 <br \/>(da diritto alla consegna della tessera di riconoscimento, del distintivo sociale, della vetrofania e di una copia dello Statuto e del Regolamento Generale del C.A.I. e dello statuto sezionale)<br \/><br \/>= Soci Ordinari nuovi e rinnovi Euro 50,00 <br \/>= Soci Familiari nuovi e rinnovi Euro 28,00 <br \/>= Soci giovani Juniores 18-25 anni nuovi e rinnovi Euro 28,00 <br \/>= Soci giovani nuovi omaggio <br \/>= Soci giovani rinnovi Euro 16,00 <br \/>= Dal secondo socio giovane appartenente alla stessa famiglia Euro 9,00 <br \/><br \/>Se sei un nuovo iscritto passa in sede il gioved\u00ec dalle 21,15 alle 23,00 ti forniremo tutte le informazioni, compileremo i moduli necessari (porta una foto-tessera per il Tesserino di riconoscimento) e potrai versare direttamente la quota associativa. <br \/><br \/>Se sei gi\u00e0 socio Rinnova la tua adesione al Sodalizio entro il 31 Marzo. <br \/>Non perderai i diritti acquisiti, la spedizione della \u201cRivista del Club Alpino Italiano\u201d, gli sconti e soprattutto l&#8217;Assicurazione per le attivit\u00e0 sociali e personali. <br \/>Se non puoi passare in sede, versa la tua quota per il rinnovo, tramite bonifico bancario al seguente IBAN di FINECO BANK: <br \/><br \/><strong>IBAN IT92K0301503200000003584648<\/strong><br \/><br \/>Intestato a \u201cClub Alpino Italiano \u2013 Sezione di Voghera\u201d e invia all&#8217;indirizzo mail voghera@cai.it la conferma del versamento.\u00a0<br \/>Alla prima occasione, ritirerai il bollino in sede o lo spediremo a casa, se richiesto. <br \/>Informazioni al numero della Segreteria: 3440348047.<\/p>\r\n","protected":false},"excerpt":{"rendered":"DIVENTA SOCIO C.A.I.Il socio C.A.I. gode dei seguenti vantaggi: Ha diritto di partecipare alle attivit\u00e0 organizzate da qualunque Sezione C.A.I. Ha diritto a sconti per i pernottamenti nei Rifugi C.A.I. ed in quelli delle Associazioni Alpinistiche di 11 Stati europei a condizioni di reciprocit\u00e0 (ad es. CAS, CAF, e DOAV) Pu\u00f2 noleggiare le attrezzature alpinistiche&#8230; <a class=\"view-article\" href=\"https:\/\/www.caivoghera.it\/wordpress\/index.php\/chi-siamo\/iscrizione\/\">Mostra articolo<\/a>","protected":false},"author":1,"featured_media":0,"parent":79,"menu_order":0,"comment_status":"closed","ping_status":"closed","template":"template_nosidebar.php","meta":{"footnotes":""},"_links":{"self":[{"href":"https:\/\/www.caivoghera.it\/wordpress\/index.php\/wp-json\/wp\/v2\/pages\/664"}],"collection":[{"href":"https:\/\/www.caivoghera.it\/wordpress\/index.php\/wp-json\/wp\/v2\/pages"}],"about":[{"href":"https:\/\/www.caivoghera.it\/wordpress\/index.php\/wp-json\/wp\/v2\/types\/page"}],"author":[{"embeddable":true,"href":"https:\/\/www.caivoghera.it\/wordpress\/index.php\/wp-json\/wp\/v2\/users\/1"}],"replies":[{"embeddable":true,"href":"https:\/\/www.caivoghera.it\/wordpress\/index.php\/wp-json\/wp\/v2\/comments?post=664"}],"version-history":[{"count":21,"href":"https:\/\/www.caivoghera.it\/wordpress\/index.php\/wp-json\/wp\/v2\/pages\/664\/revisions"}],"predecessor-version":[{"id":5285,"href":"https:\/\/www.caivoghera.it\/wordpress\/index.php\/wp-json\/wp\/v2\/pages\/664\/revisions\/5285"}],"up":[{"embeddable":true,"href":"https:\/\/www.caivoghera.it\/wordpress\/index.php\/wp-json\/wp\/v2\/pages\/79"}],"wp:attachment":[{"href":"https:\/\/www.caivoghera.it\/wordpress\/index.php\/wp-json\/wp\/v2\/media?parent=664"}],"curies":[{"name":"wp","href":"https:\/\/api.w.org\/{rel}","templated":true}]}}