{"id":684,"date":"2020-02-02T19:29:33","date_gmt":"2020-02-02T18:29:33","guid":{"rendered":"http:\/\/www.caivoghera.it\/wordpress\/?page_id=684"},"modified":"2022-04-23T09:34:34","modified_gmt":"2022-04-23T07:34:34","slug":"ticinum","status":"publish","type":"page","link":"https:\/\/www.caivoghera.it\/wordpress\/index.php\/chi-siamo\/ticinum\/","title":{"rendered":"Ticinum"},"content":{"rendered":"\n<p><strong>Chi siamo<\/strong><br><br> La TICINUM, libera Conferenza Stabile di Sezioni e Sottosezioni, non \u00e8  costituita in soggetto autonomo (associazione non riconosciuta) ma \u00e8  organismo operativo e strumentale con piena salvezza quindi  dell&#8217;autonomia e della soggettivit\u00e0 di ciascuna Sezione appartenente. <br><br><strong>Finalit\u00e0<\/strong><br><br> La Conferenza Stabile &#8220;TICINUM&#8221; si propone le seguenti finalit\u00e0, da aversi per esemplificative e non esaustive. <br><br> a) dare vita periodiche riunioni tra gli appartenenti per l&#8217;esame e  l&#8217;approfondimento di temi d\u2019interesse comune legati all&#8217;appartenenza al  C.A.I.; <br><br> b) approfondire e dibattere gli argomenti oggetto dei Convegni e delle  Assemblee Nazionali ed esaminare preventivamente le candidature di volta  in volta sottoposte all&#8217;elettorato del Sodalizio, con i relativi  programmi, onde poter esprimere voti con maggior cognizione di causa e  contribuire ad una maggiore partecipazione dell&#8217;elettorato alle scelte  dei propri rappresentanti di Convegno e Nazionali; <br><br> c) promuovere incontri di studio e convegni su problematiche comuni (ad  esempio adempimenti; gestione fiscale ed amministrativa) o per  sviluppare e approfondire tematiche da sottoporre all&#8217;attenzione del  Sodalizio; <br><br> d) organizzare attivit\u00e0 comuni a tutte o anche a solo parte delle  Sezioni appartenenti, nell&#8217;ambito delle finalit\u00e0 proprie del Club Alpino  Italiano, cos\u00ec valorizzando in modo coordinato il patrimonio umano,  tecnico e di conoscenza di ciascuna Sezione; <br><br><strong>Sezioni aderenti<\/strong><br><br><a href=\"http:\/\/www.caiabbiategrasso.it\">Abbiategrasso<\/a><br><a href=\"http:\/\/www.caiboffaloraticino.it\">Boffalora<\/a><br><a href=\"http:\/\/www.caicorsico.it\">Corsico<\/a> <br><a rel=\"noreferrer noopener\" href=\"http:\/\/www.caicodogno.it\/\" data-type=\"URL\" data-id=\"http:\/\/www.caicodogno.it\/\" target=\"_blank\">Codogno<\/a><br><a href=\"http:\/\/www.caiinveruno.it\">Inveruno<\/a><br><a href=\"https:\/\/www.cailodi.it\/\" data-type=\"URL\" data-id=\"https:\/\/www.cailodi.it\/\">Lodi<\/a><br><a href=\"http:\/\/www.caimagenta.it\">Magenta<\/a><br><a href=\"http:\/\/www.caimortara.it\">Mortara<\/a><br><a href=\"http:\/\/www.caipavia.it\">Pavia<\/a><br><a href=\"http:\/\/www.caivigevano.it\">Vigevano<\/a><br><a href=\"http:\/\/www.caivittuone.it\">Vittuone<\/a><br><a href=\"http:\/\/www.caivoghera.it\">Voghera<\/a><br><\/p>\n\n\n\n<div class=\"wp-block-file\"><a href=\"https:\/\/www.caivoghera.it\/wordpress\/wp-content\/uploads\/2022\/04\/Allegato-n.5-Ticinum.pdf\">Allegato-n.5-Ticinum<\/a><a href=\"https:\/\/www.caivoghera.it\/wordpress\/wp-content\/uploads\/2022\/04\/Allegato-n.5-Ticinum.pdf\" class=\"wp-block-file__button\" download>Download<\/a><\/div>\n\n\n\n<p><\/p>\n","protected":false},"excerpt":{"rendered":"Chi siamo La TICINUM, libera Conferenza Stabile di Sezioni e Sottosezioni, non \u00e8 costituita in soggetto autonomo (associazione non riconosciuta) ma \u00e8 organismo operativo e strumentale con piena salvezza quindi dell&#8217;autonomia e della soggettivit\u00e0 di ciascuna Sezione appartenente. Finalit\u00e0 La Conferenza Stabile &#8220;TICINUM&#8221; si propone le seguenti finalit\u00e0, da aversi per esemplificative e non esaustive&#8230;. <a class=\"view-article\" href=\"https:\/\/www.caivoghera.it\/wordpress\/index.php\/chi-siamo\/ticinum\/\">Mostra articolo<\/a>","protected":false},"author":1,"featured_media":0,"parent":79,"menu_order":0,"comment_status":"closed","ping_status":"closed","template":"template_nosidebar.php","meta":{"footnotes":""},"_links":{"self":[{"href":"https:\/\/www.caivoghera.it\/wordpress\/index.php\/wp-json\/wp\/v2\/pages\/684"}],"collection":[{"href":"https:\/\/www.caivoghera.it\/wordpress\/index.php\/wp-json\/wp\/v2\/pages"}],"about":[{"href":"https:\/\/www.caivoghera.it\/wordpress\/index.php\/wp-json\/wp\/v2\/types\/page"}],"author":[{"embeddable":true,"href":"https:\/\/www.caivoghera.it\/wordpress\/index.php\/wp-json\/wp\/v2\/users\/1"}],"replies":[{"embeddable":true,"href":"https:\/\/www.caivoghera.it\/wordpress\/index.php\/wp-json\/wp\/v2\/comments?post=684"}],"version-history":[{"count":3,"href":"https:\/\/www.caivoghera.it\/wordpress\/index.php\/wp-json\/wp\/v2\/pages\/684\/revisions"}],"predecessor-version":[{"id":2618,"href":"https:\/\/www.caivoghera.it\/wordpress\/index.php\/wp-json\/wp\/v2\/pages\/684\/revisions\/2618"}],"up":[{"embeddable":true,"href":"https:\/\/www.caivoghera.it\/wordpress\/index.php\/wp-json\/wp\/v2\/pages\/79"}],"wp:attachment":[{"href":"https:\/\/www.caivoghera.it\/wordpress\/index.php\/wp-json\/wp\/v2\/media?parent=684"}],"curies":[{"name":"wp","href":"https:\/\/api.w.org\/{rel}","templated":true}]}}