{"id":843,"date":"2020-02-22T11:14:10","date_gmt":"2020-02-22T10:14:10","guid":{"rendered":"http:\/\/www.caivoghera.it\/wordpress\/?page_id=843"},"modified":"2022-01-31T22:25:57","modified_gmt":"2022-01-31T21:25:57","slug":"chisiamo_speleo","status":"publish","type":"page","link":"https:\/\/www.caivoghera.it\/wordpress\/index.php\/attivita-associativa\/speleologia\/chisiamo_speleo\/","title":{"rendered":"Gruppo Speleologico CAI Voghera"},"content":{"rendered":"\n<figure class=\"wp-block-image size-large is-resized\"><img decoding=\"async\" loading=\"lazy\" src=\"http:\/\/www.caivoghera.it\/wordpress\/wp-content\/uploads\/2020\/02\/SpeleoCaiCai-700x703.jpg\" alt=\"Simbolo del gruppo speleo CAI Voghera\" class=\"wp-image-875\" width=\"130\" height=\"130\" srcset=\"https:\/\/www.caivoghera.it\/wordpress\/wp-content\/uploads\/2020\/02\/SpeleoCaiCai-700x703.jpg 700w, https:\/\/www.caivoghera.it\/wordpress\/wp-content\/uploads\/2020\/02\/SpeleoCaiCai-250x251.jpg 250w, https:\/\/www.caivoghera.it\/wordpress\/wp-content\/uploads\/2020\/02\/SpeleoCaiCai-150x150.jpg 150w, https:\/\/www.caivoghera.it\/wordpress\/wp-content\/uploads\/2020\/02\/SpeleoCaiCai-768x771.jpg 768w, https:\/\/www.caivoghera.it\/wordpress\/wp-content\/uploads\/2020\/02\/SpeleoCaiCai-120x121.jpg 120w, https:\/\/www.caivoghera.it\/wordpress\/wp-content\/uploads\/2020\/02\/SpeleoCaiCai.jpg 945w\" sizes=\"(max-width: 130px) 100vw, 130px\" \/><\/figure>\n\n\n<p><em><strong>Chi siamo<\/strong><\/em><\/p>\n<p>Dalla relazione di una tranquilla domenica di un normale febbraio : &#8221; &#8230;.. ore 3:15: nell&#8217;ultimo tratto di risalita del Pozzo Trieste (150 mt.) nell&#8217;Abisso Lamar in quel di Trento, la corda cade in pieno nel getto di quello che in discesa era un modesto stillicidio ed ora si \u00e8 trasformato in una discreta cascata.<br>\nNel frazionamento l&#8217;acetilene si spegne, l&#8217;acqua gelida entra dal collo e scende lungo il corpo fino a riempire gli scarponi e in 7 sfigati, a turno, ci chiediamo: &#8216;Perch\u00e8 tutto ci\u00f2 ?&#8217; &#8216;Chi ce l&#8217;ha fatto fare ?&#8217; &#8230;. &#8220;<\/p>\n<p>Tutto sommato siamo gente di pianura, le uniche grotte in Oltrepo Pavese sono, oltre alle cantine, poco pi\u00f9 di buchi nelle pareti di alcune colline, eppure ci ritroviamo a coltivare questa strana passione che si chiama Speleologia.<\/p>\n<p><img decoding=\"async\" class=\"aligncenter\" src=\"http:\/\/www.caivoghera.it\/files\/stalagmiti.jpg\" alt=\"stalagmiti\"><\/p>\n<p style=\"text-align: center;\"><em>stalagmiti<\/em><\/p>\n<p>Tutto \u00e8 cominciato nel 1995, quando nel programma delle gite sezionali apparve casualmente un&#8217;escursione all&#8217;Arma della Pollera, in quel di Finale Ligure: la novit\u00e0 fu ben accolta anche perch\u00e8 la gita termin\u00f2 con una bella grigliata nell&#8217;androne iniziale.<br>\nIl seme era stato lanciato e dopo questa positiva esperienza si form\u00f2 un gruppetto di amici accomunati dalla stessa curiosit\u00e0 per il mondo sotterraneo.<\/p>\n<p>In un paio d&#8217;anni i tempi furono maturi per organizzare il 1\u00b0 Corso di Introduzione alla Speleologia, con l&#8217;ausilio di un Istruttore Nazionale, che trasmise i principi basilari per la progressione su corda in sicurezza e una profonda convinzione che la speleologia fosse soprattutto un&#8217;esperienza di gruppo e di amicizia.<\/p>\n<p>La tecnica e l&#8217;affiatamento del gruppo si consolidarono nel corso degli anni successivi, allargando gradualmente il raggio d&#8217;azione, fino ad arrivare al 2002 ed organizzare il 2\u00b0 Corso di Introduzione.<\/p>\n<p>Nel 2003 i tempi erano maturi per la nascita di un Gruppo Speleo, ufficialmente riconosciuto, nell&#8217;ambito della Sezione.<\/p>\n<p><img decoding=\"async\" class=\"aligncenter\" src=\"http:\/\/www.caivoghera.it\/files\/corchia_lago.jpg\" alt=\"corchia\"><\/p>\n<p style=\"text-align: center;\"><em>lago nel complesso del monte Corchia<\/em><\/p>\n<p>Il Gruppo \u00e8 costituito da una quindicina di persone, di et\u00e0 variabile da 16 a pi\u00f9 di 50 anni, pi\u00f9 alcuni giovani simpatizzanti che non hanno frequentato il Corso, anche per limiti di et\u00e0, ma se la cavano gi\u00e0 egregiamente anche nella progressione in grotte verticali.<\/p>\n<p>Considerato che in Oltrepo le grotte sono quasi inesistenti, vista la conformazione geologica del territorio, il nostro raggio di azione si \u00e8 conseguentemente allargato per tutto il Nord e Centro Italia, convergendo verso le zone carsiche pi\u00f9 interessanti, e non disdegnando anche qualche puntata all&#8217;estero.<\/p>\n<p>Una particolare attenzione \u00e8 dedicata alla divulgazione della Speleologia, mediante escursioni in grotte prive di difficolt\u00e0, proiezioni di diapositive e serate a tema.<\/p>","protected":false},"excerpt":{"rendered":"Chi siamo Dalla relazione di una tranquilla domenica di un normale febbraio : &#8221; &#8230;.. ore 3:15: nell&#8217;ultimo tratto di risalita del Pozzo Trieste (150 mt.) nell&#8217;Abisso Lamar in quel di Trento, la corda cade in pieno nel getto di quello che in discesa era un modesto stillicidio ed ora si \u00e8 trasformato in una&#8230; <a class=\"view-article\" href=\"https:\/\/www.caivoghera.it\/wordpress\/index.php\/attivita-associativa\/speleologia\/chisiamo_speleo\/\">Mostra articolo<\/a>","protected":false},"author":1,"featured_media":0,"parent":345,"menu_order":0,"comment_status":"closed","ping_status":"closed","template":"template_nosidebar.php","meta":{"footnotes":""},"_links":{"self":[{"href":"https:\/\/www.caivoghera.it\/wordpress\/index.php\/wp-json\/wp\/v2\/pages\/843"}],"collection":[{"href":"https:\/\/www.caivoghera.it\/wordpress\/index.php\/wp-json\/wp\/v2\/pages"}],"about":[{"href":"https:\/\/www.caivoghera.it\/wordpress\/index.php\/wp-json\/wp\/v2\/types\/page"}],"author":[{"embeddable":true,"href":"https:\/\/www.caivoghera.it\/wordpress\/index.php\/wp-json\/wp\/v2\/users\/1"}],"replies":[{"embeddable":true,"href":"https:\/\/www.caivoghera.it\/wordpress\/index.php\/wp-json\/wp\/v2\/comments?post=843"}],"version-history":[{"count":5,"href":"https:\/\/www.caivoghera.it\/wordpress\/index.php\/wp-json\/wp\/v2\/pages\/843\/revisions"}],"predecessor-version":[{"id":877,"href":"https:\/\/www.caivoghera.it\/wordpress\/index.php\/wp-json\/wp\/v2\/pages\/843\/revisions\/877"}],"up":[{"embeddable":true,"href":"https:\/\/www.caivoghera.it\/wordpress\/index.php\/wp-json\/wp\/v2\/pages\/345"}],"wp:attachment":[{"href":"https:\/\/www.caivoghera.it\/wordpress\/index.php\/wp-json\/wp\/v2\/media?parent=843"}],"curies":[{"name":"wp","href":"https:\/\/api.w.org\/{rel}","templated":true}]}}