{"id":852,"date":"2020-02-22T11:32:59","date_gmt":"2020-02-22T10:32:59","guid":{"rendered":"http:\/\/www.caivoghera.it\/wordpress\/?page_id=852"},"modified":"2020-02-22T12:09:02","modified_gmt":"2020-02-22T11:09:02","slug":"racconti","status":"publish","type":"page","link":"https:\/\/www.caivoghera.it\/wordpress\/index.php\/attivita-associativa\/speleologia\/racconti\/","title":{"rendered":"Racconti di grotta"},"content":{"rendered":"<p><em><strong>E&#8217; vero che la Pagliarina porta sfiga ?<\/strong><\/em><\/p>\n<p>Data: 14 e 15 Ottobre 2000<br \/>\nProtagonisti, in ordine rigorosamente alfabetico:<\/p>\n<p>Daniela<br \/>\nFrancesco<br \/>\nGabriele<br \/>\nGiampiero<br \/>\nIvan<br \/>\nRoberto<br \/>\nSandro (quasi)<br \/>\nSilvia<\/p>\n<p><strong>ANTEPRIMA:<\/strong><\/p>\n<p>Gi\u00e0 due volte si \u00e8 tentato di organizzare la visita alla Grotta Pagliarina in quel di Pietra Ligure\/Bardineto, e per due volte \u00e8 andato tutto a monte: per colpa del maltempo la prima e per indisposizioni personali la seconda.<br \/>\nVuoi che anche stavolta succeda ci\u00f2 ? Ma certo !!<br \/>\nLe previsioni per il fine settimana sono pessime e vi sono gi\u00e0 notizie di frane e allagamenti in gran parte del Nord Italia.<br \/>\nLa voglia di andare \u00e8 per\u00f2 tanta e stavolta sicuramente i nostri eroi saranno pi\u00f9 tosti delle avversit\u00e0 temporali.<br \/>\nIl dubbio per\u00f2 serpeggia, \u201cNon \u00e8 che la Pagliarina porti sfiga ?\u201d<\/p>\n<p><a href=\"\/pdf\/pagliarina.pdf\">Scarica l&#8217;intera storia<\/a><\/p>\n<p><img decoding=\"async\" loading=\"lazy\" width=\"250\" height=\"188\" class=\"alignnone size-medium wp-image-838\" src=\"http:\/\/www.caivoghera.it\/wordpress\/wp-content\/uploads\/2020\/02\/arma-pollera-014-250x188.jpg\" alt=\"\" srcset=\"https:\/\/www.caivoghera.it\/wordpress\/wp-content\/uploads\/2020\/02\/arma-pollera-014-250x188.jpg 250w, https:\/\/www.caivoghera.it\/wordpress\/wp-content\/uploads\/2020\/02\/arma-pollera-014-120x90.jpg 120w, https:\/\/www.caivoghera.it\/wordpress\/wp-content\/uploads\/2020\/02\/arma-pollera-014.jpg 400w\" sizes=\"(max-width: 250px) 100vw, 250px\" \/>\u00a0 <em>gruppo di speleo in un interno<\/em><\/p>\n","protected":false},"excerpt":{"rendered":"E&#8217; vero che la Pagliarina porta sfiga ? Data: 14 e 15 Ottobre 2000 Protagonisti, in ordine rigorosamente alfabetico: Daniela Francesco Gabriele Giampiero Ivan Roberto Sandro (quasi) Silvia ANTEPRIMA: Gi\u00e0 due volte si \u00e8 tentato di organizzare la visita alla Grotta Pagliarina in quel di Pietra Ligure\/Bardineto, e per due volte \u00e8 andato tutto a&#8230; <a class=\"view-article\" href=\"https:\/\/www.caivoghera.it\/wordpress\/index.php\/attivita-associativa\/speleologia\/racconti\/\">Mostra articolo<\/a>","protected":false},"author":1,"featured_media":0,"parent":345,"menu_order":0,"comment_status":"closed","ping_status":"closed","template":"template_nosidebar.php","meta":{"footnotes":""},"_links":{"self":[{"href":"https:\/\/www.caivoghera.it\/wordpress\/index.php\/wp-json\/wp\/v2\/pages\/852"}],"collection":[{"href":"https:\/\/www.caivoghera.it\/wordpress\/index.php\/wp-json\/wp\/v2\/pages"}],"about":[{"href":"https:\/\/www.caivoghera.it\/wordpress\/index.php\/wp-json\/wp\/v2\/types\/page"}],"author":[{"embeddable":true,"href":"https:\/\/www.caivoghera.it\/wordpress\/index.php\/wp-json\/wp\/v2\/users\/1"}],"replies":[{"embeddable":true,"href":"https:\/\/www.caivoghera.it\/wordpress\/index.php\/wp-json\/wp\/v2\/comments?post=852"}],"version-history":[{"count":2,"href":"https:\/\/www.caivoghera.it\/wordpress\/index.php\/wp-json\/wp\/v2\/pages\/852\/revisions"}],"predecessor-version":[{"id":854,"href":"https:\/\/www.caivoghera.it\/wordpress\/index.php\/wp-json\/wp\/v2\/pages\/852\/revisions\/854"}],"up":[{"embeddable":true,"href":"https:\/\/www.caivoghera.it\/wordpress\/index.php\/wp-json\/wp\/v2\/pages\/345"}],"wp:attachment":[{"href":"https:\/\/www.caivoghera.it\/wordpress\/index.php\/wp-json\/wp\/v2\/media?parent=852"}],"curies":[{"name":"wp","href":"https:\/\/api.w.org\/{rel}","templated":true}]}}